{"id":804,"date":"2023-11-21T23:21:21","date_gmt":"2023-11-21T23:21:21","guid":{"rendered":"https:\/\/www.savio-group.com\/?page_id=804"},"modified":"2025-01-20T23:31:32","modified_gmt":"2025-01-20T23:31:32","slug":"servicios","status":"publish","type":"page","link":"https:\/\/www.savio-group.com\/?page_id=804","title":{"rendered":"Servicios"},"content":{"rendered":"\t\t<div data-elementor-type=\"wp-page\" data-elementor-id=\"804\" class=\"elementor elementor-804\">\n\t\t\t\t\t\t<section class=\"elementor-section elementor-top-section elementor-element elementor-element-6c1645c elementor-section-height-min-height elementor-section-items-stretch elementor-section-content-bottom elementor-reverse-tablet elementor-section-boxed elementor-section-height-default\" data-id=\"6c1645c\" data-element_type=\"section\" data-e-type=\"section\" data-settings=\"{&quot;background_background&quot;:&quot;classic&quot;}\">\n\t\t\t\t\t\t<div class=\"elementor-container elementor-column-gap-no\">\n\t\t\t\t\t<div class=\"elementor-column elementor-col-50 elementor-top-column elementor-element elementor-element-73e477d9\" data-id=\"73e477d9\" data-element_type=\"column\" data-e-type=\"column\">\n\t\t\t<div class=\"elementor-widget-wrap\">\n\t\t\t\t\t\t\t<\/div>\n\t\t<\/div>\n\t\t\t\t<div class=\"elementor-column elementor-col-50 elementor-top-column elementor-element elementor-element-4f9de92f\" data-id=\"4f9de92f\" data-element_type=\"column\" data-e-type=\"column\" data-settings=\"{&quot;background_background&quot;:&quot;classic&quot;}\">\n\t\t\t<div class=\"elementor-widget-wrap elementor-element-populated\">\n\t\t\t\t\t\t<div class=\"elementor-element elementor-element-41c390fb elementor-absolute elementor-invisible elementor-widget elementor-widget-heading\" data-id=\"41c390fb\" data-element_type=\"widget\" data-e-type=\"widget\" data-settings=\"{&quot;_animation&quot;:&quot;fadeInUp&quot;,&quot;_animation_delay&quot;:200,&quot;_position&quot;:&quot;absolute&quot;}\" data-widget_type=\"heading.default\">\n\t\t\t\t<div class=\"elementor-widget-container\">\n\t\t\t\t\t<h1 class=\"elementor-heading-title elementor-size-default\">Experiencia<\/h1>\t\t\t\t<\/div>\n\t\t\t\t<\/div>\n\t\t\t\t<div class=\"elementor-element elementor-element-6f7ec512 elementor-widget__width-initial elementor-absolute elementor-invisible elementor-widget elementor-widget-text-editor\" data-id=\"6f7ec512\" data-element_type=\"widget\" data-e-type=\"widget\" data-settings=\"{&quot;_animation&quot;:&quot;fadeInUp&quot;,&quot;_animation_delay&quot;:400,&quot;_position&quot;:&quot;absolute&quot;}\" data-widget_type=\"text-editor.default\">\n\t\t\t\t<div class=\"elementor-widget-container\">\n\t\t\t\t\t\t\t\t\t<p style=\"text-align: center;\"><strong><span style=\"color: #333333;\">Nuestro personal especializado y preparado en el \u00e1rea de mec\u00e1nica electr\u00f3nica y el\u00e9ctrica , mantenimiento preventivo<\/span><\/strong><\/p>\t\t\t\t\t\t\t\t<\/div>\n\t\t\t\t<\/div>\n\t\t\t\t\t<\/div>\n\t\t<\/div>\n\t\t\t\t\t<\/div>\n\t\t<\/section>\n\t\t\t\t<section class=\"elementor-section elementor-top-section elementor-element elementor-element-89fa320 elementor-section-boxed elementor-section-height-default elementor-section-height-default\" data-id=\"89fa320\" data-element_type=\"section\" data-e-type=\"section\" data-settings=\"{&quot;background_background&quot;:&quot;classic&quot;}\">\n\t\t\t\t\t\t<div class=\"elementor-container elementor-column-gap-no\">\n\t\t\t\t\t<div class=\"elementor-column elementor-col-50 elementor-top-column elementor-element elementor-element-6e9d5e5\" data-id=\"6e9d5e5\" data-element_type=\"column\" data-e-type=\"column\">\n\t\t\t<div class=\"elementor-widget-wrap elementor-element-populated\">\n\t\t\t\t\t\t<div class=\"elementor-element elementor-element-2fa9342 elementor-absolute elementor-widget__width-initial elementor-widget elementor-widget-text-editor\" data-id=\"2fa9342\" data-element_type=\"widget\" data-e-type=\"widget\" data-settings=\"{&quot;_position&quot;:&quot;absolute&quot;}\" data-widget_type=\"text-editor.default\">\n\t\t\t\t<div class=\"elementor-widget-container\">\n\t\t\t\t\t\t\t\t\t<p>El mantenimiento preventivo, es esencial en cualquier industria, que utiliza maquinaria.<br \/>Su objetivo es garantizar el correcto funcionamiento de los equipos, prevenir fallos inesperados, y prolongar la vida \u00fatil de los activos productivos.<br \/>1- minimiza interrupciones en la producci\u00f3n<br \/>2- previene reparaciones costosa,y reemplazos prematuros<br \/>3- prolonga funcionalidad de la maquinaria <br \/>4-Reduce el riesgo de accidentes <br \/>5- reduce el riesgo de accidentes debido a fallos mec\u00e1nicos<br \/>6- Ayuda cumplir regulaciones de seguridad<\/p>\t\t\t\t\t\t\t\t<\/div>\n\t\t\t\t<\/div>\n\t\t\t\t\t<\/div>\n\t\t<\/div>\n\t\t\t\t<div class=\"elementor-column elementor-col-50 elementor-top-column elementor-element elementor-element-3c13f72\" data-id=\"3c13f72\" data-element_type=\"column\" data-e-type=\"column\">\n\t\t\t<div class=\"elementor-widget-wrap elementor-element-populated\">\n\t\t\t\t\t\t<div class=\"elementor-element elementor-element-34360f3 elementor-widget__width-initial elementor-widget elementor-widget-video\" data-id=\"34360f3\" data-element_type=\"widget\" data-e-type=\"widget\" data-settings=\"{&quot;video_type&quot;:&quot;hosted&quot;,&quot;controls&quot;:&quot;yes&quot;}\" data-widget_type=\"video.default\">\n\t\t\t\t<div class=\"elementor-widget-container\">\n\t\t\t\t\t\t\t<div class=\"e-hosted-video elementor-wrapper elementor-open-inline\">\n\t\t\t\t\t<video class=\"elementor-video\" src=\"https:\/\/www.savio-group.com\/wp-content\/uploads\/2024\/09\/Mtto-Equipo-c2.mp4\" controls=\"\" preload=\"metadata\" controlsList=\"nodownload\"><\/video>\n\t\t\t\t<\/div>\n\t\t\t\t\t\t<\/div>\n\t\t\t\t<\/div>\n\t\t\t\t\t<\/div>\n\t\t<\/div>\n\t\t\t\t\t<\/div>\n\t\t<\/section>\n\t\t\t\t<section class=\"elementor-section elementor-top-section elementor-element elementor-element-e144bae elementor-section-boxed elementor-section-height-default elementor-section-height-default\" data-id=\"e144bae\" data-element_type=\"section\" data-e-type=\"section\">\n\t\t\t\t\t\t<div class=\"elementor-container elementor-column-gap-default\">\n\t\t\t\t\t<div class=\"elementor-column elementor-col-33 elementor-top-column elementor-element elementor-element-05ea75f\" data-id=\"05ea75f\" data-element_type=\"column\" data-e-type=\"column\">\n\t\t\t<div class=\"elementor-widget-wrap elementor-element-populated\">\n\t\t\t\t\t\t<div class=\"elementor-element elementor-element-1f431c5 elementor-widget elementor-widget-image\" data-id=\"1f431c5\" data-element_type=\"widget\" data-e-type=\"widget\" data-widget_type=\"image.default\">\n\t\t\t\t<div class=\"elementor-widget-container\">\n\t\t\t\t\t\t\t\t\t\t\t\t<figure class=\"wp-caption\">\n\t\t\t\t\t\t\t\t\t\t<img fetchpriority=\"high\" decoding=\"async\" width=\"745\" height=\"676\" src=\"https:\/\/www.savio-group.com\/wp-content\/uploads\/2024\/09\/Kartec.jpg\" class=\"attachment-large size-large wp-image-1034\" alt=\"\" srcset=\"https:\/\/www.savio-group.com\/wp-content\/uploads\/2024\/09\/Kartec.jpg 745w, https:\/\/www.savio-group.com\/wp-content\/uploads\/2024\/09\/Kartec-300x272.jpg 300w, https:\/\/www.savio-group.com\/wp-content\/uploads\/2024\/09\/Kartec-600x544.jpg 600w, https:\/\/www.savio-group.com\/wp-content\/uploads\/2024\/09\/Kartec-176x160.jpg 176w\" sizes=\"(max-width: 745px) 100vw, 745px\" \/>\t\t\t\t\t\t\t\t\t\t\t<figcaption class=\"widget-image-caption wp-caption-text\">Equipo 01<\/figcaption>\n\t\t\t\t\t\t\t\t\t\t<\/figure>\n\t\t\t\t\t\t\t\t\t<\/div>\n\t\t\t\t<\/div>\n\t\t\t\t\t<\/div>\n\t\t<\/div>\n\t\t\t\t<div class=\"elementor-column elementor-col-33 elementor-top-column elementor-element elementor-element-d4318e3\" data-id=\"d4318e3\" data-element_type=\"column\" data-e-type=\"column\">\n\t\t\t<div class=\"elementor-widget-wrap elementor-element-populated\">\n\t\t\t\t\t\t<div class=\"elementor-element elementor-element-5f1e6a1 elementor-widget elementor-widget-image\" data-id=\"5f1e6a1\" data-element_type=\"widget\" data-e-type=\"widget\" data-widget_type=\"image.default\">\n\t\t\t\t<div class=\"elementor-widget-container\">\n\t\t\t\t\t\t\t\t\t\t\t\t<figure class=\"wp-caption\">\n\t\t\t\t\t\t\t\t\t\t<img decoding=\"async\" width=\"1024\" height=\"680\" src=\"https:\/\/www.savio-group.com\/wp-content\/uploads\/2025\/01\/Equipo-02-1024x680.jpg\" class=\"attachment-large size-large wp-image-1137\" alt=\"\" srcset=\"https:\/\/www.savio-group.com\/wp-content\/uploads\/2025\/01\/Equipo-02-1024x680.jpg 1024w, https:\/\/www.savio-group.com\/wp-content\/uploads\/2025\/01\/Equipo-02-300x199.jpg 300w, https:\/\/www.savio-group.com\/wp-content\/uploads\/2025\/01\/Equipo-02-768x510.jpg 768w, https:\/\/www.savio-group.com\/wp-content\/uploads\/2025\/01\/Equipo-02-600x398.jpg 600w, https:\/\/www.savio-group.com\/wp-content\/uploads\/2025\/01\/Equipo-02.jpg 1080w\" sizes=\"(max-width: 1024px) 100vw, 1024px\" \/>\t\t\t\t\t\t\t\t\t\t\t<figcaption class=\"widget-image-caption wp-caption-text\">Equipo 02<\/figcaption>\n\t\t\t\t\t\t\t\t\t\t<\/figure>\n\t\t\t\t\t\t\t\t\t<\/div>\n\t\t\t\t<\/div>\n\t\t\t\t\t<\/div>\n\t\t<\/div>\n\t\t\t\t<div class=\"elementor-column elementor-col-33 elementor-top-column elementor-element elementor-element-e7fa43a\" data-id=\"e7fa43a\" data-element_type=\"column\" data-e-type=\"column\">\n\t\t\t<div class=\"elementor-widget-wrap elementor-element-populated\">\n\t\t\t\t\t\t<div class=\"elementor-element elementor-element-e071c8c elementor-widget__width-initial elementor-widget elementor-widget-image\" data-id=\"e071c8c\" data-element_type=\"widget\" data-e-type=\"widget\" data-widget_type=\"image.default\">\n\t\t\t\t<div class=\"elementor-widget-container\">\n\t\t\t\t\t\t\t\t\t\t\t\t<figure class=\"wp-caption\">\n\t\t\t\t\t\t\t\t\t\t<img decoding=\"async\" width=\"1024\" height=\"839\" src=\"https:\/\/www.savio-group.com\/wp-content\/uploads\/2025\/01\/Equipo-03-1024x839.jpeg\" class=\"attachment-large size-large wp-image-1141\" alt=\"\" srcset=\"https:\/\/www.savio-group.com\/wp-content\/uploads\/2025\/01\/Equipo-03-1024x839.jpeg 1024w, https:\/\/www.savio-group.com\/wp-content\/uploads\/2025\/01\/Equipo-03-300x246.jpeg 300w, https:\/\/www.savio-group.com\/wp-content\/uploads\/2025\/01\/Equipo-03-768x629.jpeg 768w, https:\/\/www.savio-group.com\/wp-content\/uploads\/2025\/01\/Equipo-03-600x492.jpeg 600w, https:\/\/www.savio-group.com\/wp-content\/uploads\/2025\/01\/Equipo-03.jpeg 1080w\" sizes=\"(max-width: 1024px) 100vw, 1024px\" \/>\t\t\t\t\t\t\t\t\t\t\t<figcaption class=\"widget-image-caption wp-caption-text\">Equipo 03<\/figcaption>\n\t\t\t\t\t\t\t\t\t\t<\/figure>\n\t\t\t\t\t\t\t\t\t<\/div>\n\t\t\t\t<\/div>\n\t\t\t\t\t<\/div>\n\t\t<\/div>\n\t\t\t\t\t<\/div>\n\t\t<\/section>\n\t\t\t\t<\/div>\n\t\t","protected":false},"excerpt":{"rendered":"<p>Experiencia Nuestro personal especializado y preparado en el \u00e1rea de mec\u00e1nica electr\u00f3nica y el\u00e9ctrica , mantenimiento preventivo El mantenimiento preventivo, es esencial en cualquier industria, que utiliza maquinaria.Su objetivo es garantizar el correcto funcionamiento de los equipos, prevenir fallos inesperados, y prolongar la vida \u00fatil de los activos productivos.1- minimiza interrupciones en la producci\u00f3n2- previene [&hellip;]<\/p>\n","protected":false},"author":1,"featured_media":0,"parent":0,"menu_order":0,"comment_status":"closed","ping_status":"closed","template":"","meta":{"_acf_changed":false,"footnotes":""},"class_list":["post-804","page","type-page","status-publish","hentry"],"acf":[],"jetpack_sharing_enabled":true,"_links":{"self":[{"href":"https:\/\/www.savio-group.com\/index.php?rest_route=\/wp\/v2\/pages\/804","targetHints":{"allow":["GET"]}}],"collection":[{"href":"https:\/\/www.savio-group.com\/index.php?rest_route=\/wp\/v2\/pages"}],"about":[{"href":"https:\/\/www.savio-group.com\/index.php?rest_route=\/wp\/v2\/types\/page"}],"author":[{"embeddable":true,"href":"https:\/\/www.savio-group.com\/index.php?rest_route=\/wp\/v2\/users\/1"}],"replies":[{"embeddable":true,"href":"https:\/\/www.savio-group.com\/index.php?rest_route=%2Fwp%2Fv2%2Fcomments&post=804"}],"version-history":[{"count":126,"href":"https:\/\/www.savio-group.com\/index.php?rest_route=\/wp\/v2\/pages\/804\/revisions"}],"predecessor-version":[{"id":1150,"href":"https:\/\/www.savio-group.com\/index.php?rest_route=\/wp\/v2\/pages\/804\/revisions\/1150"}],"wp:attachment":[{"href":"https:\/\/www.savio-group.com\/index.php?rest_route=%2Fwp%2Fv2%2Fmedia&parent=804"}],"curies":[{"name":"wp","href":"https:\/\/api.w.org\/{rel}","templated":true}]}}